{"id":2,"date":"2016-05-10T03:48:21","date_gmt":"2016-05-10T03:48:21","guid":{"rendered":"http:\/\/sternlegucker.de\/?page_id=2"},"modified":"2020-08-11T19:19:23","modified_gmt":"2020-08-11T19:19:23","slug":"sample-page","status":"publish","type":"page","link":"https:\/\/sternlegucker.de\/","title":{"rendered":"STAMMTISCH DER STERNLEGUCKER"},"content":{"rendered":"\n<p>Wir treffen uns einmal im Monat zum gem\u00fctlichen Beisammensein und astronomischen Gedankenaustausch mit dem Schwerpunkt Astrofotografie. Die n\u00e4chsten Termine sind folgende:<\/p>\n\n\n\n<p>jeweils ab 18.30 Uhr<\/p>\n\n\n\n<p><strong>Freitag, 14. August 2020<\/strong><\/p>\n\n\n\n<p>Gastst\u00e4tte Anker &#8211; Schlegel 22, 88213 Ravensburg &nbsp;&nbsp;&nbsp;&nbsp;&nbsp;&nbsp;&nbsp;&nbsp;&nbsp;&nbsp;&nbsp; <\/p>\n\n\n\n<p><strong>Freitag, 11. September 2020&nbsp;&nbsp;<\/strong>&nbsp;&nbsp;&nbsp;&nbsp;&nbsp; <\/p>\n\n\n\n<p>Gastst\u00e4tte Kreuz &#8211;  Burgweiler Str. 2, 88271 Wilhelmsdorf-Pfrungen <\/p>\n\n\n\n<p><strong>Freitag, 09. Oktober 2020<\/strong><\/p>\n\n\n\n<p> Gastst\u00e4tte Anker &#8211; Schlegel 22, 88213 Ravensburg <\/p>\n\n\n\n<p><strong>Freitag, 13. November 2020<\/strong><\/p>\n\n\n\n<p> Gastst\u00e4tte Kreuz &#8211;  Burgweiler Str. 2, 88271 Wilhelmsdorf-Pfrungen <\/p>\n\n\n\n<p><strong>Freitag, 11. Dezember 2020<\/strong><\/p>\n\n\n\n<p>Gastst\u00e4tte Anker &#8211; Schlegel 22, 88213 Ravensburg<\/p>\n\n\n\n<p> <\/p>\n\n\n\n<p><em>Bei Fragen bitte an Thomas Hellwing wenden:<\/em><\/p>\n\n\n\n<p><em>Tel.: 0172-2090407 oder E-Mail: admin@sternlegucker.de <\/em><\/p>\n\n\n\n<div class=\"wp-block-group\"><div class=\"wp-block-group__inner-container\">\n<!--- Ein Service von www.Der-Mond.org \n\t\tErfahren Sie auf Der-Mond.org alles wissenswertes \u00fcber unseren Erdtrabanten! Vom Basiswissen \u00fcber Ephemeridenberechnung, aktuelle Mondphasen und sogar einer interaktiven Mondkarte ist f\u00fcr jeden etwas dabei! -->\n \n<!-- Diesen Link nicht entfernen! -->\n \n<a href=\"https:\/\/www.der-mond.org\/\" target=\"_blank\" rel=\"noopener noreferrer\">\n \t\n<img border=\"0\" src=\"https:\/\/www.der-mond.org\/feature\/luna.php?version=3&amp;txue=Mond+aktuell&amp;zeko=1&amp;rand=1&amp;trans=0&amp;julia=1&amp;daem=3&amp;zefu=1&amp;grmo=1&amp;grmoueber=0&amp;txph=1&amp;txmoal=1&amp;txmoph=1&amp;txmobe=1&amp;txmophti=1&amp;txmost=1&amp;txmostau=0&amp;txze=1&amp;zezo=1&amp;zeso=1&amp;format=1&amp;schgr=14&amp;schriftart=Standard&amp;schriftschnitt=0&amp;faan=1&amp;scro=0&amp;scgr=0&amp;scbl=0&amp;hiro=240&amp;higr=240&amp;hibl=240&amp;grsoho=1&amp;grsohoueber=0&amp;soep=1&amp;txsost=1&amp;txsostau=0&amp;geolagr=9&amp;geolami=13&amp;geolase=33&amp;geola=O&amp;geobrgr=48&amp;geobrmi=4&amp;geobrse=42&amp;geobr=N&amp;lang=de\" alt=\"Das Homepagetool mit der aktuellen Mondphase u.v.m.\">\n \n<!--- Hinweis nicht enfernen -->\n\t\t\t\n<br>\nEin Service von www.Der-Mond.org<\/a>\n<\/div><\/div>\n","protected":false},"excerpt":{"rendered":"<p>Wir treffen uns einmal im Monat zum gem\u00fctlichen Beisammensein und astronomischen Gedankenaustausch mit dem Schwerpunkt Astrofotografie. Die n\u00e4chsten Termine sind folgende: jeweils ab 18.30 Uhr Freitag, 14. August 2020 Gastst\u00e4tte Anker &#8211; Schlegel 22, 88213 Ravensburg &nbsp;&nbsp;&nbsp;&nbsp;&nbsp;&nbsp;&nbsp;&nbsp;&nbsp;&nbsp;&nbsp; Freitag, 11. September 2020&nbsp;&nbsp;&nbsp;&nbsp;&nbsp;&nbsp;&nbsp; Gastst\u00e4tte Kreuz &#8211; Burgweiler Str. 2, 88271 Wilhelmsdorf-Pfrungen Freitag, 09. Oktober 2020 Gastst\u00e4tte Anker &hellip; <\/p>\n<p class=\"link-more\"><a href=\"https:\/\/sternlegucker.de\/\" class=\"more-link\"><span class=\"screen-reader-text\">\u201eSTAMMTISCH DER STERNLEGUCKER\u201c<\/span> weiterlesen<\/a><\/p>\n","protected":false},"author":1,"featured_media":0,"parent":0,"menu_order":0,"comment_status":"closed","ping_status":"open","template":"","meta":[],"_links":{"self":[{"href":"https:\/\/sternlegucker.de\/index.php?rest_route=\/wp\/v2\/pages\/2"}],"collection":[{"href":"https:\/\/sternlegucker.de\/index.php?rest_route=\/wp\/v2\/pages"}],"about":[{"href":"https:\/\/sternlegucker.de\/index.php?rest_route=\/wp\/v2\/types\/page"}],"author":[{"embeddable":true,"href":"https:\/\/sternlegucker.de\/index.php?rest_route=\/wp\/v2\/users\/1"}],"replies":[{"embeddable":true,"href":"https:\/\/sternlegucker.de\/index.php?rest_route=%2Fwp%2Fv2%2Fcomments&post=2"}],"version-history":[{"count":12,"href":"https:\/\/sternlegucker.de\/index.php?rest_route=\/wp\/v2\/pages\/2\/revisions"}],"predecessor-version":[{"id":66,"href":"https:\/\/sternlegucker.de\/index.php?rest_route=\/wp\/v2\/pages\/2\/revisions\/66"}],"wp:attachment":[{"href":"https:\/\/sternlegucker.de\/index.php?rest_route=%2Fwp%2Fv2%2Fmedia&parent=2"}],"curies":[{"name":"wp","href":"https:\/\/api.w.org\/{rel}","templated":true}]}}