{"id":26,"date":"2020-08-04T17:36:57","date_gmt":"2020-08-04T17:36:57","guid":{"rendered":"http:\/\/sternlegucker.de\/?page_id=26"},"modified":"2020-08-04T17:39:41","modified_gmt":"2020-08-04T17:39:41","slug":"impressum","status":"publish","type":"page","link":"https:\/\/sternlegucker.de\/?page_id=26","title":{"rendered":"Impressum"},"content":{"rendered":"\n<p>Es handelt sich hier um eine private Homepage ohne kommerzielle Ziele oder Absichten. S\u00e4mtliche gezeigte Bilder sind von mir pers\u00f6nlich erstellt und unterliegen dem allgemeinen Urheberrecht. Eine Verwendung durch Dritte ist ohne vorherige Genehmigung nicht gestattet.<\/p>\n\n\n\n<p><strong>Verweise und Links<\/strong><\/p>\n\n\n\n<p>Bei direkten oder indirekten Verweisen auf fremde Internetseiten (&#8222;Links&#8220;), die au\u00dferhalb des Verantwortungsbereiches des Anbieters liegen, w\u00fcrde eine Haftungsverpflichtung aus\u00adschlie\u00dflich in dem Fall in Kraft treten, in dem der Anbieter von den Inhalten Kenntnis hat und es ihm technisch m\u00f6glich und zumutbar w\u00e4re, die Nutzung im Falle rechtswidriger In\u00adhalte zu verhindern. Der Anbieter erkl\u00e4rt daher ausdr\u00fccklich, dass zum Zeitpunkt der Linksetzung die entsprechenden verlinkten Seiten frei von illegalen Inhalten waren. Der Anbieter hat keinerlei Einfluss auf die aktuelle und zuk\u00fcnftige Gestaltung und auf die Inhal\u00adte der gelinkten\/verkn\u00fcpften Seiten. Deshalb distanziert er sich hiermit ausdr\u00fccklich von al\u00adlen Inhalten aller gelinkten \/verkn\u00fcpften Seiten, die nach der Linksetzung ver\u00e4ndert wur\u00adden. Diese Feststellung gilt f\u00fcr alle innerhalb des eigenen Internetangebotes gesetzten Links und Verweise sowie f\u00fcr Fremdeintr\u00e4ge in vom Anbieter eingerichteten G\u00e4steb\u00fc\u00adchern, Diskussionsforen und Mailinglisten. F\u00fcr illegale, fehlerhafte oder unvollst\u00e4ndige In\u00adhalte und insbesondere f\u00fcr Sch\u00e4den, die aus der Nutzung oder Nichtnutzung solcherart dargebotener Informationen entstehen, haftet allein der Drittanbieter der Seite, auf welche verwiesen wurde, nicht derjenige, der \u00fcber Links auf die jeweilige Ver\u00f6ffentlichung lediglich verweist.<\/p>\n\n\n\n<p><strong>Registrierung der Zugriffe<\/strong><\/p>\n\n\n\n<p>Alle Zugriffe auf unsere Server werden registriert. Es werden Datum, Rechneradresse und gelesenes Dokument gespeichert. Diese Daten werden unter Umst\u00e4nden f\u00fcr statistische Zwecke ausgewertet und ggf. anonymisiert ver\u00f6ffentlicht. Mit der Benutzung unserer Server erkl\u00e4ren Sie sich hiermit einverstanden. Sollten Sie mit dieser Vorgehensweise nicht einverstanden sein, so steht es Ihnen frei, unser Internet-Angebot nicht zu benutzen.<\/p>\n\n\n\n<p><strong>Anschrift<\/strong><\/p>\n\n\n\n<p>Thomas Hellwing, Friedhofstr. 7, 72488 Sigmaringen, E-Mail: admin@sternlegucker.de<\/p>\n","protected":false},"excerpt":{"rendered":"<p>Es handelt sich hier um eine private Homepage ohne kommerzielle Ziele oder Absichten. S\u00e4mtliche gezeigte Bilder sind von mir pers\u00f6nlich erstellt und unterliegen dem allgemeinen Urheberrecht. Eine Verwendung durch Dritte ist ohne vorherige Genehmigung nicht gestattet. Verweise und Links Bei direkten oder indirekten Verweisen auf fremde Internetseiten (&#8222;Links&#8220;), die au\u00dferhalb des Verantwortungsbereiches des Anbieters liegen, &hellip; <\/p>\n<p class=\"link-more\"><a href=\"https:\/\/sternlegucker.de\/?page_id=26\" class=\"more-link\"><span class=\"screen-reader-text\">\u201eImpressum\u201c<\/span> weiterlesen<\/a><\/p>\n","protected":false},"author":1,"featured_media":0,"parent":0,"menu_order":0,"comment_status":"closed","ping_status":"closed","template":"","meta":[],"_links":{"self":[{"href":"https:\/\/sternlegucker.de\/index.php?rest_route=\/wp\/v2\/pages\/26"}],"collection":[{"href":"https:\/\/sternlegucker.de\/index.php?rest_route=\/wp\/v2\/pages"}],"about":[{"href":"https:\/\/sternlegucker.de\/index.php?rest_route=\/wp\/v2\/types\/page"}],"author":[{"embeddable":true,"href":"https:\/\/sternlegucker.de\/index.php?rest_route=\/wp\/v2\/users\/1"}],"replies":[{"embeddable":true,"href":"https:\/\/sternlegucker.de\/index.php?rest_route=%2Fwp%2Fv2%2Fcomments&post=26"}],"version-history":[{"count":2,"href":"https:\/\/sternlegucker.de\/index.php?rest_route=\/wp\/v2\/pages\/26\/revisions"}],"predecessor-version":[{"id":36,"href":"https:\/\/sternlegucker.de\/index.php?rest_route=\/wp\/v2\/pages\/26\/revisions\/36"}],"wp:attachment":[{"href":"https:\/\/sternlegucker.de\/index.php?rest_route=%2Fwp%2Fv2%2Fmedia&parent=26"}],"curies":[{"name":"wp","href":"https:\/\/api.w.org\/{rel}","templated":true}]}}